{"id":133,"date":"2017-07-12T18:08:28","date_gmt":"2017-07-12T18:08:28","guid":{"rendered":"http:\/\/www.uhuberta.pl\/wp\/?page_id=133"},"modified":"2021-06-06T19:38:15","modified_gmt":"2021-06-06T19:38:15","slug":"sloneczna-2","status":"publish","type":"page","link":"https:\/\/www.uhuberta.pl\/wp\/?page_id=133","title":{"rendered":"S\u0142oneczna"},"content":{"rendered":"<p style=\"text-align: center;\">\u2013 cicha i spokojna okolica (400m od morza, 150m od centrum)<br \/>\n\u2013 pokoje 2,3,4 osobowe z mo\u017cliwo\u015bci\u0105 dostawki<br \/>\n\u2013 wyposa\u017cenie: lod\u00f3wka, telewizor, parawan, czajnik, podstawowa zastawa sto\u0142owa<br \/>\n\u2013 do dyspozycji go\u015bci niewielka kuchnia z pe\u0142nym wyposa\u017ceniem<br \/>\n\u2013 parking na posesji<br \/>\n\u2013 z ty\u0142u domu znajduje si\u0119 drewniana altana w kt\u00f3rej mo\u017cna wypi\u0107 porann\u0105 kaw\u0119, odpocz\u0105\u0107 w cieniu lub zorganizowa\u0107 popo\u0142udniowego grilla<br \/>\n\u2013 w pobli\u017cu Zalew Kamie\u0144ski, sklep spo\u017cywczy, poczta, przystanek PKS<br \/>\n<strong>Tel: 607064782<\/strong><\/p>\nngg_shortcode_0_placeholder\n<h1><strong>Pok\u00f3j 1<\/strong><\/h1>\nngg_shortcode_1_placeholder\n<h1><strong>Pok\u00f3j 2<\/strong><\/h1>\nngg_shortcode_2_placeholder\n<h1><strong>Pok\u00f3j 3<\/strong><\/h1>\nngg_shortcode_3_placeholder\n<h1><strong>Pok\u00f3j 4<\/strong><\/h1>\nngg_shortcode_4_placeholder\n<h1><strong>Pok\u00f3j 6<\/strong><\/h1>\nngg_shortcode_5_placeholder\n<h1><strong>Pok\u00f3j 7<\/strong><\/h1>\nngg_shortcode_6_placeholder\n<h1><strong>Pok\u00f3j 8<\/strong><\/h1>\nngg_shortcode_7_placeholder\n","protected":false},"excerpt":{"rendered":"<p>\u2013 cicha i spokojna okolica (400m od morza, 150m od centrum) \u2013 pokoje 2,3,4 osobowe z mo\u017cliwo\u015bci\u0105 dostawki \u2013 wyposa\u017cenie: lod\u00f3wka, telewizor, parawan, czajnik, podstawowa zastawa sto\u0142owa \u2013 do dyspozycji go\u015bci niewielka kuchnia z pe\u0142nym wyposa\u017ceniem \u2013 parking na posesji \u2013 z ty\u0142u domu znajduje si\u0119 drewniana altana w kt\u00f3rej mo\u017cna wypi\u0107 porann\u0105 kaw\u0119, odpocz\u0105\u0107 [&hellip;]<\/p>\n","protected":false},"author":1,"featured_media":0,"parent":0,"menu_order":0,"comment_status":"closed","ping_status":"closed","template":"","meta":{"ngg_post_thumbnail":0,"footnotes":""},"class_list":["post-133","page","type-page","status-publish","hentry"],"_links":{"self":[{"href":"https:\/\/www.uhuberta.pl\/wp\/index.php?rest_route=\/wp\/v2\/pages\/133","targetHints":{"allow":["GET"]}}],"collection":[{"href":"https:\/\/www.uhuberta.pl\/wp\/index.php?rest_route=\/wp\/v2\/pages"}],"about":[{"href":"https:\/\/www.uhuberta.pl\/wp\/index.php?rest_route=\/wp\/v2\/types\/page"}],"author":[{"embeddable":true,"href":"https:\/\/www.uhuberta.pl\/wp\/index.php?rest_route=\/wp\/v2\/users\/1"}],"replies":[{"embeddable":true,"href":"https:\/\/www.uhuberta.pl\/wp\/index.php?rest_route=%2Fwp%2Fv2%2Fcomments&post=133"}],"version-history":[{"count":55,"href":"https:\/\/www.uhuberta.pl\/wp\/index.php?rest_route=\/wp\/v2\/pages\/133\/revisions"}],"predecessor-version":[{"id":636,"href":"https:\/\/www.uhuberta.pl\/wp\/index.php?rest_route=\/wp\/v2\/pages\/133\/revisions\/636"}],"wp:attachment":[{"href":"https:\/\/www.uhuberta.pl\/wp\/index.php?rest_route=%2Fwp%2Fv2%2Fmedia&parent=133"}],"curies":[{"name":"wp","href":"https:\/\/api.w.org\/{rel}","templated":true}]}}