{"id":28,"date":"2017-07-12T17:19:43","date_gmt":"2017-07-12T17:19:43","guid":{"rendered":"http:\/\/www.uhuberta.pl\/wp\/?page_id=28"},"modified":"2021-05-23T14:05:46","modified_gmt":"2021-05-23T14:05:46","slug":"wojska-polskiego","status":"publish","type":"page","link":"https:\/\/www.uhuberta.pl\/wp\/?page_id=28","title":{"rendered":"Wojska Polskiego"},"content":{"rendered":"<p style=\"text-align: center;\">&#8211; 150m od morza, centrum Mi\u0119dzywodzia<br \/>\n&#8211; pokoje 2,3,4 osobowe na parterze<br \/>\n&#8211; wyposa\u017cenie: lod\u00f3wka, telewizor, parawan, czajnik, podstawowa zastawa sto\u0142owa<br \/>\n&#8211; do dyspozycji go\u015bci dwie kuchnie z pe\u0142nym wyposa\u017ceniem oraz altana i grill<br \/>\n&#8211; parking na posesji, mo\u017cliwo\u015b\u0107 wypo\u017cyczenia kocy na pla\u017c\u0119<br \/>\n&#8211; w pobli\u017cu: sklepy spo\u017cywcze, apteka, restauracje<br \/>\n&#8211; Mimo, \u017ce pokoje znajduj\u0105 si\u0119 w centrum, jest tu cicho i kameralnie.<\/p>\n<p style=\"text-align: center;\">Noclegi w Mi\u0119dzywodziu (<a href=\"https:\/\/meteor-turystyka.pl\/noclegi,miedzywodzie,0.html\" target=\"_blank\" rel=\"noopener noreferrer\" data-saferedirecturl=\"https:\/\/www.google.com\/url?q=https:\/\/meteor-turystyka.pl\/noclegi,miedzywodzie,0.html&amp;source=gmail&amp;ust=1574880084994000&amp;usg=AFQjCNG-vwbHoeb2hSKsnyybeNfU5VipPw\">sprawd\u017a tutaj)<\/a> s\u0105 jedn\u0105 z ch\u0119tniej wybieranych nadmorskich miejscowo\u015bci, tury\u015bci ceni\u0105 to miejsce za blisko\u015b\u0107 do morza i Zalewu Kamie\u0144skiego oraz przyjemny klimat i przyjacielsk\u0105 atmosfer\u0119 miasteczka.<\/p>\n<p><strong>Tel: 607064782<\/strong><\/p>\n<h1><strong>Aneks kuchenny<\/strong><\/h1>\nngg_shortcode_0_placeholder\n<h1><strong>Pok\u00f3j H2<\/strong><\/h1>\nngg_shortcode_1_placeholder\n<h1><strong>Pok\u00f3j H3<\/strong><\/h1>\nngg_shortcode_2_placeholder\n<h1><strong>Pok\u00f3j H4<\/strong><\/h1>\nngg_shortcode_3_placeholder\n<h1><strong>Pok\u00f3j H5<\/strong><\/h1>\nngg_shortcode_4_placeholder\n","protected":false},"excerpt":{"rendered":"<p>&#8211; 150m od morza, centrum Mi\u0119dzywodzia &#8211; pokoje 2,3,4 osobowe na parterze &#8211; wyposa\u017cenie: lod\u00f3wka, telewizor, parawan, czajnik, podstawowa zastawa sto\u0142owa &#8211; do dyspozycji go\u015bci dwie kuchnie z pe\u0142nym wyposa\u017ceniem oraz altana i grill &#8211; parking na posesji, mo\u017cliwo\u015b\u0107 wypo\u017cyczenia kocy na pla\u017c\u0119 &#8211; w pobli\u017cu: sklepy spo\u017cywcze, apteka, restauracje &#8211; Mimo, \u017ce pokoje znajduj\u0105 [&hellip;]<\/p>\n","protected":false},"author":1,"featured_media":0,"parent":0,"menu_order":0,"comment_status":"closed","ping_status":"closed","template":"","meta":{"ngg_post_thumbnail":0,"footnotes":""},"class_list":["post-28","page","type-page","status-publish","hentry"],"_links":{"self":[{"href":"https:\/\/www.uhuberta.pl\/wp\/index.php?rest_route=\/wp\/v2\/pages\/28","targetHints":{"allow":["GET"]}}],"collection":[{"href":"https:\/\/www.uhuberta.pl\/wp\/index.php?rest_route=\/wp\/v2\/pages"}],"about":[{"href":"https:\/\/www.uhuberta.pl\/wp\/index.php?rest_route=\/wp\/v2\/types\/page"}],"author":[{"embeddable":true,"href":"https:\/\/www.uhuberta.pl\/wp\/index.php?rest_route=\/wp\/v2\/users\/1"}],"replies":[{"embeddable":true,"href":"https:\/\/www.uhuberta.pl\/wp\/index.php?rest_route=%2Fwp%2Fv2%2Fcomments&post=28"}],"version-history":[{"count":21,"href":"https:\/\/www.uhuberta.pl\/wp\/index.php?rest_route=\/wp\/v2\/pages\/28\/revisions"}],"predecessor-version":[{"id":614,"href":"https:\/\/www.uhuberta.pl\/wp\/index.php?rest_route=\/wp\/v2\/pages\/28\/revisions\/614"}],"wp:attachment":[{"href":"https:\/\/www.uhuberta.pl\/wp\/index.php?rest_route=%2Fwp%2Fv2%2Fmedia&parent=28"}],"curies":[{"name":"wp","href":"https:\/\/api.w.org\/{rel}","templated":true}]}}