{"id":30,"date":"2017-07-12T17:19:43","date_gmt":"2017-07-12T17:19:43","guid":{"rendered":"http:\/\/www.uhuberta.pl\/wp\/?page_id=30"},"modified":"2019-07-13T11:38:36","modified_gmt":"2019-07-13T11:38:36","slug":"kontakt","status":"publish","type":"page","link":"https:\/\/www.uhuberta.pl\/wp\/?page_id=30","title":{"rendered":"Kontakt"},"content":{"rendered":"<p style=\"text-align: center;\"><strong>&#8222;U Huberta&#8221; Ma\u0142gorzata Szyma\u0144ska<\/strong><\/p>\n<p style=\"text-align: center;\"><strong>S\u0142oneczna 12b<\/strong><\/p>\n<p style=\"text-align: center;\"><strong>72-415 Mi\u0119dzywodzie<\/strong><\/p>\n<p style=\"text-align: center;\"><strong>NIP: 861-000-66-14<\/strong><\/p>\n<p style=\"text-align: center;\"><strong>\u00a0Pokoje:\u00a0 607 064 782<\/strong><\/p>\n<p style=\"text-align: center;\"><strong>Domki:\u00a0609 303 542<\/strong><\/p>\n<p style=\"text-align: center;\"><strong>E-mail: megiszym1@gmail.pl<\/strong><\/p>\n<p style=\"text-align: center;\"><strong>WOJSKA POLSKIEGO &#8211; POKOJE<\/strong><br \/>\n<iframe loading=\"lazy\" style=\"border: 0;\" src=\"https:\/\/www.google.com\/maps\/embed?pb=!1m18!1m12!1m3!1d2344.7656035536797!2d14.693831415313076!3d54.006935980122705!2m3!1f0!2f0!3f0!3m2!1i1024!2i768!4f13.1!3m3!1m2!1s0x47aa85879b8fa8eb%3A0xab433c65c9fc3b99!2sWojska+Polskiego+13%2C+Mi%C4%99dzywodzie!5e0!3m2!1spl!2spl!4v1499881662624\" width=\"800\" height=\"250\" frameborder=\"0\" allowfullscreen=\"allowfullscreen\"><\/iframe><\/p>\n<p style=\"text-align: center;\"><strong>S\u0141ONECZNA &#8211; POKOJE<\/strong><br \/>\n<iframe loading=\"lazy\" style=\"border: 0;\" src=\"https:\/\/www.google.com\/maps\/embed?pb=!1m18!1m12!1m3!1d2344.96661590334!2d14.694324314953285!3d54.0033681329962!2m3!1f0!2f0!3f0!3m2!1i1024!2i768!4f13.1!3m3!1m2!1s0x47aa8588601f9edf%3A0xa6153ea15a6c7252!2sS%C5%82oneczna+12B%2C+72-415+Mi%C4%99dzywodzie!5e0!3m2!1spl!2spl!4v1499882208811\" width=\"800\" height=\"250\" frameborder=\"0\" allowfullscreen=\"allowfullscreen\"><\/iframe><\/p>\n<p style=\"text-align: center;\"><strong>KEMPING U HUBERTA<\/strong><\/p>\n<p style=\"text-align: center;\"><strong>Nr. kontaktowy 609 303 542<\/strong><br \/>\n<iframe loading=\"lazy\" style=\"border: 0;\" src=\"https:\/\/www.google.com\/maps\/embed?pb=!1m18!1m12!1m3!1d1172.5224535112761!2d14.704554157102313!3d54.00197846950563!2m3!1f0!2f0!3f0!3m2!1i1024!2i768!4f13.1!3m3!1m2!1s0x47aa85881e423c1b%3A0x325ee508aeda75ab!2sU+Huberta.+O%C5%9Brodek+kempingowy%2C+pensjonat!5e0!3m2!1spl!2spl!4v1530112782469\" width=\"800\" height=\"250\" frameborder=\"0\" allowfullscreen=\"allowfullscreen\"><\/iframe><\/p>\n","protected":false},"excerpt":{"rendered":"<p>&#8222;U Huberta&#8221; Ma\u0142gorzata Szyma\u0144ska S\u0142oneczna 12b 72-415 Mi\u0119dzywodzie NIP: 861-000-66-14 \u00a0Pokoje:\u00a0 607 064 782 Domki:\u00a0609 303 542 E-mail: megiszym1@gmail.pl WOJSKA POLSKIEGO &#8211; POKOJE S\u0141ONECZNA &#8211; POKOJE KEMPING U HUBERTA Nr. kontaktowy 609 303 542<\/p>\n","protected":false},"author":1,"featured_media":0,"parent":0,"menu_order":0,"comment_status":"closed","ping_status":"closed","template":"","meta":{"ngg_post_thumbnail":0,"footnotes":""},"class_list":["post-30","page","type-page","status-publish","hentry"],"_links":{"self":[{"href":"https:\/\/www.uhuberta.pl\/wp\/index.php?rest_route=\/wp\/v2\/pages\/30","targetHints":{"allow":["GET"]}}],"collection":[{"href":"https:\/\/www.uhuberta.pl\/wp\/index.php?rest_route=\/wp\/v2\/pages"}],"about":[{"href":"https:\/\/www.uhuberta.pl\/wp\/index.php?rest_route=\/wp\/v2\/types\/page"}],"author":[{"embeddable":true,"href":"https:\/\/www.uhuberta.pl\/wp\/index.php?rest_route=\/wp\/v2\/users\/1"}],"replies":[{"embeddable":true,"href":"https:\/\/www.uhuberta.pl\/wp\/index.php?rest_route=%2Fwp%2Fv2%2Fcomments&post=30"}],"version-history":[{"count":9,"href":"https:\/\/www.uhuberta.pl\/wp\/index.php?rest_route=\/wp\/v2\/pages\/30\/revisions"}],"predecessor-version":[{"id":407,"href":"https:\/\/www.uhuberta.pl\/wp\/index.php?rest_route=\/wp\/v2\/pages\/30\/revisions\/407"}],"wp:attachment":[{"href":"https:\/\/www.uhuberta.pl\/wp\/index.php?rest_route=%2Fwp%2Fv2%2Fmedia&parent=30"}],"curies":[{"name":"wp","href":"https:\/\/api.w.org\/{rel}","templated":true}]}}