{"id":42,"date":"2017-07-12T17:20:25","date_gmt":"2017-07-12T17:20:25","guid":{"rendered":"http:\/\/www.uhuberta.pl\/wp\/?page_id=42"},"modified":"2019-11-26T18:44:34","modified_gmt":"2019-11-26T18:44:34","slug":"o-nas","status":"publish","type":"page","link":"https:\/\/www.uhuberta.pl\/wp\/","title":{"rendered":"O nas"},"content":{"rendered":"<p>ZAPRASZAMY NA WYPOCZYNEK NAD POLSKIM BA\u0141TYKIEM W S\u0141ONECZNYM MI\u0118DZYWODZIU!<\/p>\n<p>Kompleks turystyczny <a href=\"https:\/\/meteor-turystyka.pl\/uhuberta,miedzywodzie.html\" target=\"_blank\" rel=\"noopener\" data-saferedirecturl=\"https:\/\/www.google.com\/url?q=https:\/\/meteor-turystyka.pl\/uhuberta,miedzywodzie.html&amp;source=gmail&amp;ust=1574880085002000&amp;usg=AFQjCNEWRoMdLEQkUumEdg99NfVrWHKpLQ\">U Huberta<\/a>\u00a0oferuje kwatery prywatne w r\u00f3\u017cnych lokalizacjach Mi\u0119dzywodzia . Nasi go\u015bcie maj\u0105 do dyspozycji pokoje z \u0142azienkami.<\/p>\n<p>POKOJE NA ULICY WOJSKA POLSKIEGO<br \/>\nNr. kontaktowy 607064782<br \/>\n&#8211; 150m od morza, centrum Mi\u0119dzywodzia<br \/>\n&#8211; pokoje 2,3,4 osobowe na parterze<br \/>\n&#8211; wyposa\u017cenie: lod\u00f3wka, telewizor, parawan, czajnik, podstawowa zastawa sto\u0142owa<br \/>\n&#8211; do dyspozycji go\u015bci dwie kuchnie z pe\u0142nym wyposa\u017ceniem oraz altana i grill<br \/>\n&#8211; parking na posesji, mo\u017cliwo\u015b\u0107 wypo\u017cyczenia kocy na pla\u017c\u0119<br \/>\n&#8211; w pobli\u017cu: sklepy spo\u017cywcze, apteka, restauracje<br \/>\nMimo, \u017ce pokoje znajduj\u0105 si\u0119 w centrum Mi\u0119dzywodzia, jest tu cicho i kameralnie.<\/p>\n<p>POKOJE NA ULICY S\u0141ONECZNEJ<br \/>\nNr. kontaktowy 607064782<br \/>\n&#8211; cicha i spokojna okolica (400m od morza, 150m od centrum)<br \/>\n&#8211; pokoje 2,3,4 osobowe z mo\u017cliwo\u015bci\u0105 dostawki<br \/>\n&#8211; wyposa\u017cenie: lod\u00f3wka, telewizor, parawan, czajnik, podstawowa zastawa sto\u0142owa<br \/>\n&#8211; do dyspozycji go\u015bci niewielka kuchnia z pe\u0142nym wyposa\u017ceniem<br \/>\n&#8211; parking na posesji<br \/>\n&#8211; z ty\u0142u domu znajduje si\u0119 drewniana altana w kt\u00f3rej mo\u017cna wypi\u0107 porann\u0105 kaw\u0119, odpocz\u0105\u0107 w cieniu lub zorganizowa\u0107 popo\u0142udniowego grilla<br \/>\n&#8211; w pobli\u017cu Zalew Kamie\u0144ski, sklep spo\u017cywczy, poczta, przystanek PKS<\/p>\n<p>POLE NAMIOTOWE NA ULICY SPORTOWEJ 3A<br \/>\nNr. kontaktowy 609303542<br \/>\n&#8211; cicha i spokojna okolica<br \/>\n&#8211; Domki 2-6 osobowe<br \/>\n&#8211; Parking na terenie<br \/>\n&#8211; Wyposa\u017cenie w zale\u017cno\u015bci od domku (lod\u00f3wka, kuchenka, czajnik, zlew)<br \/>\n&#8211; Domki z \u0142azienkami lub bez<br \/>\n&#8211; Na przeciwko obiektu znajduje si\u0119 otwarte dla wszystkich boisko Orlik<br \/>\n&#8211; Gokarty<\/p>\n<p>Serdecznie zapraszamy do Mi\u0119dzywodzia !!!!<\/p>\n","protected":false},"excerpt":{"rendered":"<p>ZAPRASZAMY NA WYPOCZYNEK NAD POLSKIM BA\u0141TYKIEM W S\u0141ONECZNYM MI\u0118DZYWODZIU! Kompleks turystyczny U Huberta\u00a0oferuje kwatery prywatne w r\u00f3\u017cnych lokalizacjach Mi\u0119dzywodzia . Nasi go\u015bcie maj\u0105 do dyspozycji pokoje z \u0142azienkami. POKOJE NA ULICY WOJSKA POLSKIEGO Nr. kontaktowy 607064782 &#8211; 150m od morza, centrum Mi\u0119dzywodzia &#8211; pokoje 2,3,4 osobowe na parterze &#8211; wyposa\u017cenie: lod\u00f3wka, telewizor, parawan, czajnik, podstawowa [&hellip;]<\/p>\n","protected":false},"author":1,"featured_media":0,"parent":0,"menu_order":0,"comment_status":"closed","ping_status":"closed","template":"","meta":{"ngg_post_thumbnail":0,"footnotes":""},"class_list":["post-42","page","type-page","status-publish","hentry"],"_links":{"self":[{"href":"https:\/\/www.uhuberta.pl\/wp\/index.php?rest_route=\/wp\/v2\/pages\/42","targetHints":{"allow":["GET"]}}],"collection":[{"href":"https:\/\/www.uhuberta.pl\/wp\/index.php?rest_route=\/wp\/v2\/pages"}],"about":[{"href":"https:\/\/www.uhuberta.pl\/wp\/index.php?rest_route=\/wp\/v2\/types\/page"}],"author":[{"embeddable":true,"href":"https:\/\/www.uhuberta.pl\/wp\/index.php?rest_route=\/wp\/v2\/users\/1"}],"replies":[{"embeddable":true,"href":"https:\/\/www.uhuberta.pl\/wp\/index.php?rest_route=%2Fwp%2Fv2%2Fcomments&post=42"}],"version-history":[{"count":8,"href":"https:\/\/www.uhuberta.pl\/wp\/index.php?rest_route=\/wp\/v2\/pages\/42\/revisions"}],"predecessor-version":[{"id":412,"href":"https:\/\/www.uhuberta.pl\/wp\/index.php?rest_route=\/wp\/v2\/pages\/42\/revisions\/412"}],"wp:attachment":[{"href":"https:\/\/www.uhuberta.pl\/wp\/index.php?rest_route=%2Fwp%2Fv2%2Fmedia&parent=42"}],"curies":[{"name":"wp","href":"https:\/\/api.w.org\/{rel}","templated":true}]}}